{"id":152,"date":"2018-07-24T07:23:50","date_gmt":"2018-07-24T07:23:50","guid":{"rendered":"https:\/\/msgova.com.mx\/about\/"},"modified":"2021-11-14T02:24:51","modified_gmt":"2021-11-14T02:24:51","slug":"about","status":"publish","type":"page","link":"https:\/\/www.msgova.com.mx\/es\/about\/","title":{"rendered":"Sobre Nostros"},"content":{"rendered":"<div data-elementor-type=\"wp-post\" data-elementor-id=\"152\" class=\"elementor elementor-152\">\n\t\t\t\t\t\t<section data-particle_enable=\"false\" data-particle-mobile-disabled=\"false\" class=\"elementor-section elementor-top-section elementor-element elementor-element-252f1b9d elementor-section-content-middle elementor-section-height-min-height elementor-section-boxed elementor-section-height-default elementor-section-items-middle\" data-id=\"252f1b9d\" data-element_type=\"section\" data-settings=\"{&quot;background_background&quot;:&quot;classic&quot;}\">\n\t\t\t\t\t\t<div class=\"elementor-container elementor-column-gap-default\">\n\t\t\t\t\t<div class=\"elementor-column elementor-col-100 elementor-top-column elementor-element elementor-element-4d975910\" data-id=\"4d975910\" data-element_type=\"column\">\n\t\t\t<div class=\"elementor-widget-wrap elementor-element-populated\">\n\t\t\t\t\t\t<div class=\"elementor-element elementor-element-73150c2 elementor-widget elementor-widget-heading\" data-id=\"73150c2\" data-element_type=\"widget\" data-widget_type=\"heading.default\">\n\t\t\t\t<div class=\"elementor-widget-container\">\n\t\t\t\t\t<h2 class=\"elementor-heading-title elementor-size-default\">Sobre Nostros <\/h2>\t\t\t\t<\/div>\n\t\t\t\t<\/div>\n\t\t\t\t\t<\/div>\n\t\t<\/div>\n\t\t\t\t\t<\/div>\n\t\t<\/section>\n\t\t\t\t<section data-particle_enable=\"false\" data-particle-mobile-disabled=\"false\" class=\"elementor-section elementor-top-section elementor-element elementor-element-006s2ws elementor-section-full_width elementor-section-content-middle elementor-section-stretched elementor-section-height-default elementor-section-height-default\" data-id=\"006s2ws\" data-element_type=\"section\" data-settings=\"{&quot;background_background&quot;:&quot;classic&quot;,&quot;stretch_section&quot;:&quot;section-stretched&quot;}\">\n\t\t\t\t\t\t<div class=\"elementor-container elementor-column-gap-no\">\n\t\t\t\t\t<div class=\"elementor-column elementor-col-50 elementor-top-column elementor-element elementor-element-4292f5a\" data-id=\"4292f5a\" data-element_type=\"column\" data-settings=\"{&quot;background_background&quot;:&quot;classic&quot;}\">\n\t\t\t<div class=\"elementor-widget-wrap elementor-element-populated\">\n\t\t\t\t\t\t<div class=\"elementor-element elementor-element-d093162 elementor-hidden-desktop elementor-hidden-tablet elementor-widget elementor-widget-spacer\" data-id=\"d093162\" data-element_type=\"widget\" data-widget_type=\"spacer.default\">\n\t\t\t\t<div class=\"elementor-widget-container\">\n\t\t\t\t\t\t\t<div class=\"elementor-spacer\">\n\t\t\t<div class=\"elementor-spacer-inner\"><\/div>\n\t\t<\/div>\n\t\t\t\t\t\t<\/div>\n\t\t\t\t<\/div>\n\t\t\t\t\t<\/div>\n\t\t<\/div>\n\t\t\t\t<div class=\"elementor-column elementor-col-50 elementor-top-column elementor-element elementor-element-a8c8ff0\" data-id=\"a8c8ff0\" data-element_type=\"column\">\n\t\t\t<div class=\"elementor-widget-wrap elementor-element-populated\">\n\t\t\t\t\t\t<section data-particle_enable=\"false\" data-particle-mobile-disabled=\"false\" class=\"elementor-section elementor-inner-section elementor-element elementor-element-a893ccd elementor-section-boxed elementor-section-height-default elementor-section-height-default\" data-id=\"a893ccd\" data-element_type=\"section\">\n\t\t\t\t\t\t<div class=\"elementor-container elementor-column-gap-no\">\n\t\t\t\t\t<div class=\"elementor-column elementor-col-100 elementor-inner-column elementor-element elementor-element-6534f2c\" data-id=\"6534f2c\" data-element_type=\"column\">\n\t\t\t<div class=\"elementor-widget-wrap elementor-element-populated\">\n\t\t\t\t\t\t<div class=\"elementor-element elementor-element-fc9b946 elementor-widget elementor-widget-heading\" data-id=\"fc9b946\" data-element_type=\"widget\" data-widget_type=\"heading.default\">\n\t\t\t\t<div class=\"elementor-widget-container\">\n\t\t\t\t\t<h1 class=\"elementor-heading-title elementor-size-default\">\u201cMaximizando el rendimiento de tus equipos de uso diario desde 1996\u201d<\/h1>\t\t\t\t<\/div>\n\t\t\t\t<\/div>\n\t\t\t\t<div class=\"elementor-element elementor-element-2d62856 elementor-widget elementor-widget-text-editor\" data-id=\"2d62856\" data-element_type=\"widget\" data-widget_type=\"text-editor.default\">\n\t\t\t\t<div class=\"elementor-widget-container\">\n\t\t\t\t\t\t\t\t\t<p><strong>The best companies in mexico recommend us<\/strong><\/p><p>Las mejores empresas de M\u00e9xico nos recomiendan\n\nSomos una empresa nacida en 1996 en Cd. Ju\u00e1rez, Chihuahua. Desde entonces hemos trabajado con diferentes giros de negocios como supermercados, tiendas de conveniencia, procesamiento de dinero, casas de cambio, bancos y entre otros m\u00e1s. Con el tiempo hemos fortalecido nuestro servicio hasta convertirnos expertos en los equipos de uso diario que estos establecimientos pudieran utilizar, como por ejemplo: contadoras de billetes y monedas, Pallet Jacks (gatos hidr\u00e1ulicos), abrillantadoras de piso, b\u00e1sculas de diferentes capacidades (desde 5 gramos hasta m\u00e1s de 5 toneladas), equipos de elevaci\u00f3n, equipos para jardiner\u00eda y entre otros.<\/p><p>Nos convertimos en distribuidores oficiales de Billcon Corporation, empresa japonesa l\u00edder en equipos para procesamiento de dinero. Trabajamos con sus diferentes equipos desde 1996 y estamos capacitados y certificados para su servicio de reparaci\u00f3n, venta y mantenimiento.<\/p><p class=\"translation-block\">A lo largo del tiempo nos fuimos expandiendo hasta contar servicio en estos diferentes estados de M\u00e9xico: \nChihuahua, Sinaloa, Coahuila, Nuevo Le\u00f3n, Tamaulipas, Durango, Guanajuato, Aguascalientes, Michoac\u00e1n y el estado de M\u00e9xico. As\u00ed mismo somos capaces de dar servicio a cualquier ciudad de M\u00e9xico.<\/p><p>Contamos con oficinas en Cd. Ju\u00e1rez Chihuahua y Monterrey N.L.<\/p><p>Buscamos siempre mejorar en nuestro servicio y complacer a nuestros clientes con sus necesidades.<\/p>\t\t\t\t\t\t\t\t<\/div>\n\t\t\t\t<\/div>\n\t\t\t\t\t<\/div>\n\t\t<\/div>\n\t\t\t\t\t<\/div>\n\t\t<\/section>\n\t\t\t\t\t<\/div>\n\t\t<\/div>\n\t\t\t\t\t<\/div>\n\t\t<\/section>\n\t\t\t\t<section data-particle_enable=\"false\" data-particle-mobile-disabled=\"false\" class=\"elementor-section elementor-top-section elementor-element elementor-element-u21dz23 elementor-section-boxed elementor-section-height-default elementor-section-height-default\" data-id=\"u21dz23\" data-element_type=\"section\" data-settings=\"{&quot;background_background&quot;:&quot;classic&quot;}\">\n\t\t\t\t\t\t<div class=\"elementor-container elementor-column-gap-default\">\n\t\t\t\t\t<div class=\"elementor-column elementor-col-100 elementor-top-column elementor-element elementor-element-6dbaeeb\" data-id=\"6dbaeeb\" data-element_type=\"column\">\n\t\t\t<div class=\"elementor-widget-wrap elementor-element-populated\">\n\t\t\t\t\t\t<div class=\"elementor-element elementor-element-9c6ad29 elementor-widget elementor-widget-heading\" data-id=\"9c6ad29\" data-element_type=\"widget\" data-widget_type=\"heading.default\">\n\t\t\t\t<div class=\"elementor-widget-container\">\n\t\t\t\t\t<h2 class=\"elementor-heading-title elementor-size-default\">\u00bfC\u00f3mo trabajar con nosotros?<\/h2>\t\t\t\t<\/div>\n\t\t\t\t<\/div>\n\t\t\t\t\t<\/div>\n\t\t<\/div>\n\t\t\t\t\t<\/div>\n\t\t<\/section>\n\t\t\t\t<section data-particle_enable=\"false\" data-particle-mobile-disabled=\"false\" class=\"elementor-section elementor-top-section elementor-element elementor-element-e6a12e0 elementor-section-boxed elementor-section-height-default elementor-section-height-default\" data-id=\"e6a12e0\" data-element_type=\"section\" data-settings=\"{&quot;background_background&quot;:&quot;classic&quot;}\">\n\t\t\t\t\t\t<div class=\"elementor-container elementor-column-gap-default\">\n\t\t\t\t\t<div class=\"elementor-column elementor-col-25 elementor-top-column elementor-element elementor-element-82dc8c1\" data-id=\"82dc8c1\" data-element_type=\"column\">\n\t\t\t<div class=\"elementor-widget-wrap elementor-element-populated\">\n\t\t\t\t\t\t<div class=\"elementor-element elementor-element-be8c39b elementor-widget elementor-widget-image\" data-id=\"be8c39b\" data-element_type=\"widget\" data-widget_type=\"image.default\">\n\t\t\t\t<div class=\"elementor-widget-container\">\n\t\t\t\t\t\t\t\t\t\t\t\t\t\t\t<img fetchpriority=\"high\" decoding=\"async\" width=\"1024\" height=\"1024\" src=\"https:\/\/www.msgova.com.mx\/wp-content\/uploads\/2021\/11\/ICON-1-1024x1024.png\" class=\"attachment-large size-large wp-image-1949\" alt=\"\" srcset=\"https:\/\/www.msgova.com.mx\/wp-content\/uploads\/2021\/11\/ICON-1-1024x1024.png 1024w, https:\/\/www.msgova.com.mx\/wp-content\/uploads\/2021\/11\/ICON-1-300x300.png 300w, https:\/\/www.msgova.com.mx\/wp-content\/uploads\/2021\/11\/ICON-1-150x150.png 150w, https:\/\/www.msgova.com.mx\/wp-content\/uploads\/2021\/11\/ICON-1-768x768.png 768w, https:\/\/www.msgova.com.mx\/wp-content\/uploads\/2021\/11\/ICON-1-12x12.png 12w, https:\/\/www.msgova.com.mx\/wp-content\/uploads\/2021\/11\/ICON-1-600x600.png 600w, https:\/\/www.msgova.com.mx\/wp-content\/uploads\/2021\/11\/ICON-1-100x100.png 100w, https:\/\/www.msgova.com.mx\/wp-content\/uploads\/2021\/11\/ICON-1.png 1159w\" sizes=\"(max-width: 1024px) 100vw, 1024px\" \/>\t\t\t\t\t\t\t\t\t\t\t\t\t\t\t<\/div>\n\t\t\t\t<\/div>\n\t\t\t\t<div class=\"elementor-element elementor-element-920ee15 elementor-widget elementor-widget-uael-infobox\" data-id=\"920ee15\" data-element_type=\"widget\" data-widget_type=\"uael-infobox.default\">\n\t\t\t\t<div class=\"elementor-widget-container\">\n\t\t\t\t\t\n<div class=\"uael-module-content uael-infobox  uael-infobox-link-type-none\">\n\t<div class=\"uael-infobox-left-right-wrap\">\n\t\t\t\t\t\t<div class=\"uael-infobox-content\">\n\t\t\t\t\t\t<div class='uael-infobox-title-wrap'><h3 class=\"uael-infobox-title elementor-inline-editing\" data-elementor-setting-key=\"infobox_title\" data-elementor-inline-editing-toolbar=\"basic\" >Detecci\u00f3n de problema<\/h3><\/div>\t\t\t\t\t\t\t\t\t<div class=\"uael-infobox-text-wrap\">\n\t\t\t\t<div class=\"uael-infobox-text elementor-inline-editing\" data-elementor-setting-key=\"infobox_description\" data-elementor-inline-editing-toolbar=\"advanced\">\n\t\t\t\t\tComunicarse con nosotros para ir al establecimiento por el equipo que presenta da\u00f1os.\t\t\t\t<\/div>\n\t\t\t\t\t\n\t\t\t\t\t\t\t<\/div>\n\t\t<\/div>\n\t\t\t<\/div>\n<\/div>\n\t\t\t\t<\/div>\n\t\t\t\t<\/div>\n\t\t\t\t\t<\/div>\n\t\t<\/div>\n\t\t\t\t<div class=\"elementor-column elementor-col-25 elementor-top-column elementor-element elementor-element-481e92c\" data-id=\"481e92c\" data-element_type=\"column\">\n\t\t\t<div class=\"elementor-widget-wrap elementor-element-populated\">\n\t\t\t\t\t\t<div class=\"elementor-element elementor-element-1e02f98 elementor-widget elementor-widget-image\" data-id=\"1e02f98\" data-element_type=\"widget\" data-widget_type=\"image.default\">\n\t\t\t\t<div class=\"elementor-widget-container\">\n\t\t\t\t\t\t\t\t\t\t\t\t\t\t\t<img decoding=\"async\" width=\"1024\" height=\"1024\" src=\"https:\/\/www.msgova.com.mx\/wp-content\/uploads\/2021\/11\/ICON-2-1024x1024.png\" class=\"attachment-large size-large wp-image-1948\" alt=\"\" srcset=\"https:\/\/www.msgova.com.mx\/wp-content\/uploads\/2021\/11\/ICON-2-1024x1024.png 1024w, https:\/\/www.msgova.com.mx\/wp-content\/uploads\/2021\/11\/ICON-2-300x300.png 300w, https:\/\/www.msgova.com.mx\/wp-content\/uploads\/2021\/11\/ICON-2-150x150.png 150w, https:\/\/www.msgova.com.mx\/wp-content\/uploads\/2021\/11\/ICON-2-768x768.png 768w, https:\/\/www.msgova.com.mx\/wp-content\/uploads\/2021\/11\/ICON-2-12x12.png 12w, https:\/\/www.msgova.com.mx\/wp-content\/uploads\/2021\/11\/ICON-2-600x600.png 600w, https:\/\/www.msgova.com.mx\/wp-content\/uploads\/2021\/11\/ICON-2-100x100.png 100w, https:\/\/www.msgova.com.mx\/wp-content\/uploads\/2021\/11\/ICON-2.png 1159w\" sizes=\"(max-width: 1024px) 100vw, 1024px\" \/>\t\t\t\t\t\t\t\t\t\t\t\t\t\t\t<\/div>\n\t\t\t\t<\/div>\n\t\t\t\t<div class=\"elementor-element elementor-element-5c68361 elementor-widget elementor-widget-uael-infobox\" data-id=\"5c68361\" data-element_type=\"widget\" data-widget_type=\"uael-infobox.default\">\n\t\t\t\t<div class=\"elementor-widget-container\">\n\t\t\t\t\t\n<div class=\"uael-module-content uael-infobox  uael-infobox-link-type-none\">\n\t<div class=\"uael-infobox-left-right-wrap\">\n\t\t\t\t\t\t<div class=\"uael-infobox-content\">\n\t\t\t\t\t\t<div class='uael-infobox-title-wrap'><h3 class=\"uael-infobox-title elementor-inline-editing\" data-elementor-setting-key=\"infobox_title\" data-elementor-inline-editing-toolbar=\"basic\" >Evaluaci\u00f3n<\/h3><\/div>\t\t\t\t\t\t\t\t\t<div class=\"uael-infobox-text-wrap\">\n\t\t\t\t<div class=\"uael-infobox-text elementor-inline-editing\" data-elementor-setting-key=\"infobox_description\" data-elementor-inline-editing-toolbar=\"advanced\">\n\t\t\t\t\tEl equipo da\u00f1ado ser\u00e1 diagnosticado por un t\u00e9cnico capacitado para su evaluaci\u00f3n.\t\t\t\t<\/div>\n\t\t\t\t\t\n\t\t\t\t\t\t\t<\/div>\n\t\t<\/div>\n\t\t\t<\/div>\n<\/div>\n\t\t\t\t<\/div>\n\t\t\t\t<\/div>\n\t\t\t\t\t<\/div>\n\t\t<\/div>\n\t\t\t\t<div class=\"elementor-column elementor-col-25 elementor-top-column elementor-element elementor-element-0584568\" data-id=\"0584568\" data-element_type=\"column\">\n\t\t\t<div class=\"elementor-widget-wrap elementor-element-populated\">\n\t\t\t\t\t\t<div class=\"elementor-element elementor-element-bfeb13c elementor-widget elementor-widget-image\" data-id=\"bfeb13c\" data-element_type=\"widget\" data-widget_type=\"image.default\">\n\t\t\t\t<div class=\"elementor-widget-container\">\n\t\t\t\t\t\t\t\t\t\t\t\t\t\t\t<img decoding=\"async\" width=\"1024\" height=\"1024\" src=\"https:\/\/www.msgova.com.mx\/wp-content\/uploads\/2021\/11\/ICON-3-1024x1024.png\" class=\"attachment-large size-large wp-image-1947\" alt=\"\" srcset=\"https:\/\/www.msgova.com.mx\/wp-content\/uploads\/2021\/11\/ICON-3-1024x1024.png 1024w, https:\/\/www.msgova.com.mx\/wp-content\/uploads\/2021\/11\/ICON-3-300x300.png 300w, https:\/\/www.msgova.com.mx\/wp-content\/uploads\/2021\/11\/ICON-3-150x150.png 150w, https:\/\/www.msgova.com.mx\/wp-content\/uploads\/2021\/11\/ICON-3-768x768.png 768w, https:\/\/www.msgova.com.mx\/wp-content\/uploads\/2021\/11\/ICON-3-12x12.png 12w, https:\/\/www.msgova.com.mx\/wp-content\/uploads\/2021\/11\/ICON-3-600x600.png 600w, https:\/\/www.msgova.com.mx\/wp-content\/uploads\/2021\/11\/ICON-3-100x100.png 100w, https:\/\/www.msgova.com.mx\/wp-content\/uploads\/2021\/11\/ICON-3.png 1159w\" sizes=\"(max-width: 1024px) 100vw, 1024px\" \/>\t\t\t\t\t\t\t\t\t\t\t\t\t\t\t<\/div>\n\t\t\t\t<\/div>\n\t\t\t\t<div class=\"elementor-element elementor-element-17590b5 elementor-widget elementor-widget-uael-infobox\" data-id=\"17590b5\" data-element_type=\"widget\" data-widget_type=\"uael-infobox.default\">\n\t\t\t\t<div class=\"elementor-widget-container\">\n\t\t\t\t\t\n<div class=\"uael-module-content uael-infobox  uael-infobox-link-type-none\">\n\t<div class=\"uael-infobox-left-right-wrap\">\n\t\t\t\t\t\t<div class=\"uael-infobox-content\">\n\t\t\t\t\t\t<div class='uael-infobox-title-wrap'><h3 class=\"uael-infobox-title elementor-inline-editing\" data-elementor-setting-key=\"infobox_title\" data-elementor-inline-editing-toolbar=\"basic\" >Cotizaci\u00f3n<\/h3><\/div>\t\t\t\t\t\t\t\t\t<div class=\"uael-infobox-text-wrap\">\n\t\t\t\t<div class=\"uael-infobox-text elementor-inline-editing\" data-elementor-setting-key=\"infobox_description\" data-elementor-inline-editing-toolbar=\"advanced\">\n\t\t\t\t\tSe presenta una cotizaci\u00f3n con precios accesibles para su reparaci\u00f3n.\t\t\t\t<\/div>\n\t\t\t\t\t\n\t\t\t\t\t\t\t<\/div>\n\t\t<\/div>\n\t\t\t<\/div>\n<\/div>\n\t\t\t\t<\/div>\n\t\t\t\t<\/div>\n\t\t\t\t\t<\/div>\n\t\t<\/div>\n\t\t\t\t<div class=\"elementor-column elementor-col-25 elementor-top-column elementor-element elementor-element-7ad093a\" data-id=\"7ad093a\" data-element_type=\"column\">\n\t\t\t<div class=\"elementor-widget-wrap elementor-element-populated\">\n\t\t\t\t\t\t<div class=\"elementor-element elementor-element-eb3a790 elementor-widget elementor-widget-image\" data-id=\"eb3a790\" data-element_type=\"widget\" data-widget_type=\"image.default\">\n\t\t\t\t<div class=\"elementor-widget-container\">\n\t\t\t\t\t\t\t\t\t\t\t\t\t\t\t<img loading=\"lazy\" decoding=\"async\" width=\"1024\" height=\"1024\" src=\"https:\/\/www.msgova.com.mx\/wp-content\/uploads\/2021\/11\/ICON-4-1024x1024.png\" class=\"attachment-large size-large wp-image-1946\" alt=\"\" srcset=\"https:\/\/www.msgova.com.mx\/wp-content\/uploads\/2021\/11\/ICON-4-1024x1024.png 1024w, https:\/\/www.msgova.com.mx\/wp-content\/uploads\/2021\/11\/ICON-4-300x300.png 300w, https:\/\/www.msgova.com.mx\/wp-content\/uploads\/2021\/11\/ICON-4-150x150.png 150w, https:\/\/www.msgova.com.mx\/wp-content\/uploads\/2021\/11\/ICON-4-768x768.png 768w, https:\/\/www.msgova.com.mx\/wp-content\/uploads\/2021\/11\/ICON-4-12x12.png 12w, https:\/\/www.msgova.com.mx\/wp-content\/uploads\/2021\/11\/ICON-4-600x600.png 600w, https:\/\/www.msgova.com.mx\/wp-content\/uploads\/2021\/11\/ICON-4-100x100.png 100w, https:\/\/www.msgova.com.mx\/wp-content\/uploads\/2021\/11\/ICON-4.png 1159w\" sizes=\"(max-width: 1024px) 100vw, 1024px\" \/>\t\t\t\t\t\t\t\t\t\t\t\t\t\t\t<\/div>\n\t\t\t\t<\/div>\n\t\t\t\t<div class=\"elementor-element elementor-element-d668bc8 elementor-widget elementor-widget-uael-infobox\" data-id=\"d668bc8\" data-element_type=\"widget\" data-widget_type=\"uael-infobox.default\">\n\t\t\t\t<div class=\"elementor-widget-container\">\n\t\t\t\t\t\n<div class=\"uael-module-content uael-infobox  uael-infobox-link-type-none\">\n\t<div class=\"uael-infobox-left-right-wrap\">\n\t\t\t\t\t\t<div class=\"uael-infobox-content\">\n\t\t\t\t\t\t<div class='uael-infobox-title-wrap'><h3 class=\"uael-infobox-title elementor-inline-editing\" data-elementor-setting-key=\"infobox_title\" data-elementor-inline-editing-toolbar=\"basic\" >Soluci\u00f3n por MS GOVA<\/h3><\/div>\t\t\t\t\t\t\t\t\t<div class=\"uael-infobox-text-wrap\">\n\t\t\t\t<div class=\"uael-infobox-text elementor-inline-editing\" data-elementor-setting-key=\"infobox_description\" data-elementor-inline-editing-toolbar=\"advanced\">\n\t\t\t\t\tAl momento que se apruebe y se pague la cotizaci\u00f3n, se repara el equipo lo m\u00e1s r\u00e1pido posible y se lleva de nuevo al establecimiento donde se recogi\u00f3.\t\t\t\t<\/div>\n\t\t\t\t\t\n\t\t\t\t\t\t\t<\/div>\n\t\t<\/div>\n\t\t\t<\/div>\n<\/div>\n\t\t\t\t<\/div>\n\t\t\t\t<\/div>\n\t\t\t\t\t<\/div>\n\t\t<\/div>\n\t\t\t\t\t<\/div>\n\t\t<\/section>\n\t\t\t\t<section data-particle_enable=\"false\" data-particle-mobile-disabled=\"false\" class=\"elementor-section elementor-top-section elementor-element elementor-element-d5d7ae3 elementor-section-full_width elementor-section-stretched elementor-section-height-default elementor-section-height-default\" data-id=\"d5d7ae3\" data-element_type=\"section\" data-settings=\"{&quot;stretch_section&quot;:&quot;section-stretched&quot;}\">\n\t\t\t\t\t\t<div class=\"elementor-container elementor-column-gap-default\">\n\t\t\t\t\t<div class=\"elementor-column elementor-col-100 elementor-top-column elementor-element elementor-element-d0b03cc\" data-id=\"d0b03cc\" data-element_type=\"column\">\n\t\t\t<div class=\"elementor-widget-wrap elementor-element-populated\">\n\t\t\t\t\t\t<div class=\"elementor-element elementor-element-683038c uael-aspect-ratio-16_9 uael-youtube-subscribe-no elementor-widget elementor-widget-uael-video\" data-id=\"683038c\" data-element_type=\"widget\" data-settings=\"{&quot;lightbox_content_animation&quot;:&quot;fadeIn&quot;}\" data-widget_type=\"uael-video.default\">\n\t\t\t\t<div class=\"elementor-widget-container\">\n\t\t\t\t\t\t\t\t\t<div class=\"uael-video__outer-wrap  uael-video-type-youtube uael-video-play-lightbox\" data-device=\"false\" data-vsticky=\"no\" data-hidedesktop=\"\" data-hidetablet=\"\" data-hidemobile=\"\" data-vsticky-viewport=\"0\" data-elementor-open-lightbox=\"yes\" data-elementor-lightbox=\"{&quot;type&quot;:&quot;video&quot;,&quot;videoType&quot;:&quot;youtube&quot;,&quot;url&quot;:&quot;https:\\\/\\\/www.youtube.com\\\/embed\\\/OaurbgUvM3A?autoplay=1&amp;rel=1&amp;start=1&amp;end&amp;controls=1&amp;mute=0&amp;modestbranding=0&amp;autoplay=1&quot;,&quot;modalOptions&quot;:{&quot;id&quot;:&quot;elementor-lightbox-683038c&quot;,&quot;entranceAnimation&quot;:&quot;fadeIn&quot;,&quot;entranceAnimation_tablet&quot;:&quot;&quot;,&quot;entranceAnimation_mobile&quot;:&quot;&quot;,&quot;videoAspectRatio&quot;:&quot;169&quot;}}\">\n\t\t\t\t\t\t<div class=\"uael-video-inner-wrap\">\n\t\t\t\t<div class=\"uael-video__play\" data-src=\"https:\/\/www.youtube.com\/embed\/OaurbgUvM3A?autoplay=1&amp;rel=1&amp;start=1&amp;end&amp;controls=1&amp;mute=0&amp;modestbranding=0&amp;autoplay=1\">\n\t\t\t\t\t<img decoding=\"async\" class=\"uael-video__thumb\" src=\"https:\/\/www.msgova.com.mx\/wp-content\/uploads\/2021\/11\/00-00-52-.png\" alt=\"_ _ _ _ 00-00-52\"><\/img>\n\t\t\t\t\t<div class=\"uael-video__play-icon uael-animation-\">\n\t\t\t\t\t\t<i aria-hidden=\"true\" class=\"fa fa-play-circle\"><\/i>\t\t\t\t\t<\/div>\n\t\t\t\t<\/div>\n\t\t\t\t\t\t\t\t\t\t\t<\/div>\n\t\t<\/div>\n\t\t\t\t\t\t\t<\/div>\n\t\t\t\t<\/div>\n\t\t\t\t\t<\/div>\n\t\t<\/div>\n\t\t\t\t\t<\/div>\n\t\t<\/section>\n\t\t\t\t<\/div>","protected":false},"excerpt":{"rendered":"<p>About Us Maximizing the Performance of you machinery since 1996 The best companies in mexico recommend us We are a company born in 1996 in Cd. Ju\u00e1rez, Chihuahua. Since then we have worked with different lines of business such as supermarkets, convenience stores, money processing, exchange houses, banks and among others. Over time we have [&hellip;]<\/p>","protected":false},"author":1,"featured_media":0,"parent":0,"menu_order":0,"comment_status":"closed","ping_status":"closed","template":"","meta":{"_uag_custom_page_level_css":"","site-sidebar-layout":"default","site-content-layout":"page-builder","ast-site-content-layout":"","site-content-style":"default","site-sidebar-style":"default","ast-global-header-display":"","ast-banner-title-visibility":"","ast-main-header-display":"","ast-hfb-above-header-display":"","ast-hfb-below-header-display":"","ast-hfb-mobile-header-display":"","site-post-title":"disabled","ast-breadcrumbs-content":"","ast-featured-img":"disabled","footer-sml-layout":"","theme-transparent-header-meta":"default","adv-header-id-meta":"","stick-header-meta":"default","header-above-stick-meta":"","header-main-stick-meta":"","header-below-stick-meta":"","astra-migrate-meta-layouts":"default","ast-page-background-enabled":"default","ast-page-background-meta":{"desktop":{"background-color":"","background-image":"","background-repeat":"repeat","background-position":"center center","background-size":"auto","background-attachment":"scroll","background-type":"","background-media":"","overlay-type":"","overlay-color":"","overlay-opacity":"","overlay-gradient":""},"tablet":{"background-color":"","background-image":"","background-repeat":"repeat","background-position":"center center","background-size":"auto","background-attachment":"scroll","background-type":"","background-media":"","overlay-type":"","overlay-color":"","overlay-opacity":"","overlay-gradient":""},"mobile":{"background-color":"","background-image":"","background-repeat":"repeat","background-position":"center center","background-size":"auto","background-attachment":"scroll","background-type":"","background-media":"","overlay-type":"","overlay-color":"","overlay-opacity":"","overlay-gradient":""}},"ast-content-background-meta":{"desktop":{"background-color":"var(--ast-global-color-5)","background-image":"","background-repeat":"repeat","background-position":"center center","background-size":"auto","background-attachment":"scroll","background-type":"","background-media":"","overlay-type":"","overlay-color":"","overlay-opacity":"","overlay-gradient":""},"tablet":{"background-color":"var(--ast-global-color-5)","background-image":"","background-repeat":"repeat","background-position":"center center","background-size":"auto","background-attachment":"scroll","background-type":"","background-media":"","overlay-type":"","overlay-color":"","overlay-opacity":"","overlay-gradient":""},"mobile":{"background-color":"var(--ast-global-color-5)","background-image":"","background-repeat":"repeat","background-position":"center center","background-size":"auto","background-attachment":"scroll","background-type":"","background-media":"","overlay-type":"","overlay-color":"","overlay-opacity":"","overlay-gradient":""}},"footnotes":""},"class_list":["post-152","page","type-page","status-publish","hentry"],"uagb_featured_image_src":{"full":false,"thumbnail":false,"medium":false,"medium_large":false,"large":false,"1536x1536":false,"2048x2048":false,"trp-custom-language-flag":false,"woocommerce_thumbnail":false,"woocommerce_single":false,"woocommerce_gallery_thumbnail":false},"uagb_author_info":{"display_name":"pitdog","author_link":"https:\/\/www.msgova.com.mx\/es\/author\/pitdog\/"},"uagb_comment_info":0,"uagb_excerpt":"About Us Maximizing the Performance of you machinery since 1996 The best companies in mexico recommend us We are a company born in 1996 in Cd. Ju\u00e1rez, Chihuahua. Since then we have worked with different lines of business such as supermarkets, convenience stores, money processing, exchange houses, banks and among others. Over time we have&hellip;","_links":{"self":[{"href":"https:\/\/www.msgova.com.mx\/es\/wp-json\/wp\/v2\/pages\/152"}],"collection":[{"href":"https:\/\/www.msgova.com.mx\/es\/wp-json\/wp\/v2\/pages"}],"about":[{"href":"https:\/\/www.msgova.com.mx\/es\/wp-json\/wp\/v2\/types\/page"}],"author":[{"embeddable":true,"href":"https:\/\/www.msgova.com.mx\/es\/wp-json\/wp\/v2\/users\/1"}],"replies":[{"embeddable":true,"href":"https:\/\/www.msgova.com.mx\/es\/wp-json\/wp\/v2\/comments?post=152"}],"version-history":[{"count":45,"href":"https:\/\/www.msgova.com.mx\/es\/wp-json\/wp\/v2\/pages\/152\/revisions"}],"predecessor-version":[{"id":1955,"href":"https:\/\/www.msgova.com.mx\/es\/wp-json\/wp\/v2\/pages\/152\/revisions\/1955"}],"wp:attachment":[{"href":"https:\/\/www.msgova.com.mx\/es\/wp-json\/wp\/v2\/media?parent=152"}],"curies":[{"name":"wp","href":"https:\/\/api.w.org\/{rel}","templated":true}]}}