{"id":1526,"date":"2021-10-09T15:58:48","date_gmt":"2021-10-09T15:58:48","guid":{"rendered":"https:\/\/www.msgova.com.mx\/?post_type=product&#038;p=1526"},"modified":"2025-03-01T00:05:22","modified_gmt":"2025-03-01T00:05:22","slug":"s-100-series-heavy-duty-coin-counters-offsorters-s140","status":"publish","type":"product","link":"https:\/\/www.msgova.com.mx\/es\/producto\/s-100-series-heavy-duty-coin-counters-offsorters-s140\/","title":{"rendered":"S-100 Series Heavy Duty Coin Counters \/ Offsorters &#8211; S140"},"content":{"rendered":"<div data-elementor-type=\"wp-post\" data-elementor-id=\"1526\" class=\"elementor elementor-1526\">\n\t\t\t\t\t\t<section data-particle_enable=\"false\" data-particle-mobile-disabled=\"false\" class=\"elementor-section elementor-top-section elementor-element elementor-element-16e1ae4a elementor-section-boxed elementor-section-height-default elementor-section-height-default\" data-id=\"16e1ae4a\" data-element_type=\"section\">\n\t\t\t\t\t\t<div class=\"elementor-container elementor-column-gap-default\">\n\t\t\t\t\t<div class=\"elementor-column elementor-col-100 elementor-top-column elementor-element elementor-element-3be823ab\" data-id=\"3be823ab\" data-element_type=\"column\">\n\t\t\t<div class=\"elementor-widget-wrap elementor-element-populated\">\n\t\t\t\t\t\t<div class=\"elementor-element elementor-element-2531667c elementor-widget elementor-widget-text-editor\" data-id=\"2531667c\" data-element_type=\"widget\" data-widget_type=\"text-editor.default\">\n\t\t\t\t<div class=\"elementor-widget-container\">\n\t\t\t\t\t\t\t\t\t<p><span style=\"font-weight: 400;\">Contadora de alta capacidad para trabajo pesado con funciones de ensacado y empaquetado. Configuraciones de lote 1-9999 para ensacado y empaque. Funci\u00f3n de clasificaci\u00f3n donde separa las monedas m\u00e1s peque\u00f1as en una segunda bandeja. Tolva extra grande con alimentador autom\u00e1tico para vol\u00famenes de monedas altos. Ideal para aplicaciones estacionarias.<\/span><\/p><p><span style=\"font-weight: 400;\">Las contadoras de monedas de servicio pesado de la serie Semacon S-100 est\u00e1n dise\u00f1adas para aplicaciones de alto volumen y son utilizadas por bancos, supermercados, minoristas, operadores de m\u00e1quinas expendedoras, traslado de valores y entre otros giros comerciales.<\/span><\/p>\t\t\t\t\t\t\t\t<\/div>\n\t\t\t\t<\/div>\n\t\t\t\t\t<\/div>\n\t\t<\/div>\n\t\t\t\t\t<\/div>\n\t\t<\/section>\n\t\t\t\t<section data-particle_enable=\"false\" data-particle-mobile-disabled=\"false\" class=\"elementor-section elementor-top-section elementor-element elementor-element-92aa9d9 elementor-section-boxed elementor-section-height-default elementor-section-height-default\" data-id=\"92aa9d9\" data-element_type=\"section\">\n\t\t\t\t\t\t<div class=\"elementor-container elementor-column-gap-default\">\n\t\t\t\t\t<div class=\"elementor-column elementor-col-100 elementor-top-column elementor-element elementor-element-8952853\" data-id=\"8952853\" data-element_type=\"column\">\n\t\t\t<div class=\"elementor-widget-wrap elementor-element-populated\">\n\t\t\t\t\t\t<div class=\"elementor-element elementor-element-cffea3a elementor-widget elementor-widget-heading\" data-id=\"cffea3a\" data-element_type=\"widget\" data-widget_type=\"heading.default\">\n\t\t\t\t<div class=\"elementor-widget-container\">\n\t\t\t\t\t<h2 class=\"elementor-heading-title elementor-size-default\">S-100 Series<\/h2>\t\t\t\t<\/div>\n\t\t\t\t<\/div>\n\t\t\t\t\t<\/div>\n\t\t<\/div>\n\t\t\t\t\t<\/div>\n\t\t<\/section>\n\t\t\t\t<section data-particle_enable=\"false\" data-particle-mobile-disabled=\"false\" class=\"elementor-section elementor-top-section elementor-element elementor-element-e069061 elementor-section-boxed elementor-section-height-default elementor-section-height-default\" data-id=\"e069061\" data-element_type=\"section\">\n\t\t\t\t\t\t<div class=\"elementor-container elementor-column-gap-default\">\n\t\t\t\t\t<div class=\"elementor-column elementor-col-100 elementor-top-column elementor-element elementor-element-805de88\" data-id=\"805de88\" data-element_type=\"column\">\n\t\t\t<div class=\"elementor-widget-wrap elementor-element-populated\">\n\t\t\t\t\t\t<div class=\"elementor-element elementor-element-7218162 elementor-widget elementor-widget-text-editor\" data-id=\"7218162\" data-element_type=\"widget\" data-widget_type=\"text-editor.default\">\n\t\t\t\t<div class=\"elementor-widget-container\">\n\t\t\t\t\t\t\t\t\t<p>Facilidad de uso: Ajuste amigable\n de tama\u00f1o para todas las monedas\n de M\u00e9xico y el resto del mundo.<\/p>\t\t\t\t\t\t\t\t<\/div>\n\t\t\t\t<\/div>\n\t\t\t\t\t<\/div>\n\t\t<\/div>\n\t\t\t\t\t<\/div>\n\t\t<\/section>\n\t\t\t\t<section data-particle_enable=\"false\" data-particle-mobile-disabled=\"false\" class=\"elementor-section elementor-top-section elementor-element elementor-element-1c784c2 elementor-section-boxed elementor-section-height-default elementor-section-height-default\" data-id=\"1c784c2\" data-element_type=\"section\">\n\t\t\t\t\t\t<div class=\"elementor-container elementor-column-gap-default\">\n\t\t\t\t\t<div class=\"elementor-column elementor-col-100 elementor-top-column elementor-element elementor-element-a7605d8\" data-id=\"a7605d8\" data-element_type=\"column\">\n\t\t\t<div class=\"elementor-widget-wrap elementor-element-populated\">\n\t\t\t\t\t\t<div class=\"elementor-element elementor-element-c4fb38f elementor-widget elementor-widget-heading\" data-id=\"c4fb38f\" data-element_type=\"widget\" data-widget_type=\"heading.default\">\n\t\t\t\t<div class=\"elementor-widget-container\">\n\t\t\t\t\t<h2 class=\"elementor-heading-title elementor-size-default\">ESPECIFICACIONES<\/h2>\t\t\t\t<\/div>\n\t\t\t\t<\/div>\n\t\t\t\t\t<\/div>\n\t\t<\/div>\n\t\t\t\t\t<\/div>\n\t\t<\/section>\n\t\t\t\t<section data-particle_enable=\"false\" data-particle-mobile-disabled=\"false\" class=\"elementor-section elementor-top-section elementor-element elementor-element-dc7a544 elementor-section-boxed elementor-section-height-default elementor-section-height-default\" data-id=\"dc7a544\" data-element_type=\"section\">\n\t\t\t\t\t\t<div class=\"elementor-container elementor-column-gap-default\">\n\t\t\t\t\t<div class=\"elementor-column elementor-col-100 elementor-top-column elementor-element elementor-element-c2a0e64\" data-id=\"c2a0e64\" data-element_type=\"column\">\n\t\t\t<div class=\"elementor-widget-wrap elementor-element-populated\">\n\t\t\t\t\t\t<div class=\"elementor-element elementor-element-9f32a70 elementor-widget elementor-widget-text-editor\" data-id=\"9f32a70\" data-element_type=\"widget\" data-widget_type=\"text-editor.default\">\n\t\t\t\t<div class=\"elementor-widget-container\">\n\t\t\t\t\t\t\t\t\t<p class=\"translation-block\"><p><span style=\"font-weight: 400\">&nbsp;Tipo de trabajo: Pesado.<\/span><\/p>\n<p><span style=\"font-weight: 400\">&nbsp;Velocidad de conteo: 1800 monedas por minuto.<\/span><\/p>\n<p><span style=\"font-weight: 400\">&nbsp;Capacidad de tolva: 4000-4500 monedas.<\/span><\/p>\n<p><span style=\"font-weight: 400\">&nbsp;Sistema de alimentaci&oacute;n: Transporte de banda.&nbsp;&nbsp;<\/span><\/p>\n<p><span style=\"font-weight: 400\">&nbsp;S-120 adopta un sistema de alimentaci&oacute;n manual*<\/span><\/p>\n<p><span style=\"font-weight: 400\">&nbsp;Paradas programables: Fijas (25-50100-500-1000)<\/span><\/p>\n<p><span style=\"font-weight: 400\">&nbsp;Personalizable (1-9999).<\/span><\/p>\n<p><span style=\"font-weight: 400\">&nbsp;Tipo de arranque: Manual.<\/span><\/p>\n<p><span style=\"font-weight: 400\">&nbsp;Tecla de acumulaci&oacute;n: Si.<\/span><\/p>\n<p><span style=\"font-weight: 400\">&nbsp;Pantalla LED\/ capacidad max conteo: Si.<\/span><\/p>\n<p><span style=\"font-weight: 400\">&nbsp;Dimensiones: 38 x 22 x 34 cm.<\/span><\/p>\n<p><span style=\"font-weight: 400\">&nbsp;Peso: 12 Kg.<\/span><\/p>\n<p><span style=\"font-weight: 400\">&nbsp;Consumo el&eacute;ctrico: 110 V. 60 Hz.<\/span><\/p>\n<p><span style=\"font-weight: 400\">&nbsp;CARACTER&Iacute;STICAS&nbsp;<\/span><\/p>\n<p><span style=\"font-weight: 400\">&nbsp;Adecuado para: Puestos de caja de sucursales<\/span><\/p>\n<p><span style=\"font-weight: 400\">&nbsp;bancarias, establecimientos minoristas,<\/span><\/p>\n<p><span style=\"font-weight: 400\">&nbsp;operadores de m&aacute;quinas expendedoras, lavado de<\/span><\/p>\n<p><span style=\"font-weight: 400\">&nbsp;autos y otras industrias en todo el mundo.<\/span><\/p>\n<p><span style=\"font-weight: 400\">&nbsp;Dise&ntilde;o compacto.<\/span><\/p>\n<p><span style=\"font-weight: 400\">&nbsp;Se puede configurar seg&uacute;n el volumen de<\/span><\/p>\n<p><span style=\"font-weight: 400\">&nbsp;monedas.<\/span><\/p>\n<p><span style=\"font-weight: 400\">&nbsp;Este modelo presenta una construcci&oacute;n resistente,<\/span><\/p>\n<p><span style=\"font-weight: 400\">&nbsp;alta velocidad y facilidad de uso.<\/span><\/p>\n<p><span style=\"font-weight: 400\">&nbsp;Cuenta con 6 modos diferentes de conteo: conteo<\/span><\/p>\n<p><span style=\"font-weight: 400\">&nbsp;libre, a&ntilde;adir, batch, por lote, fuera de clasificaci&oacute;n.<\/span><\/p>\n<p><span style=\"font-weight: 400\">Nota: El modelo S-120 no cuenta con tolva extra grande con alimentador autom&aacute;tico. Fuera de esto comparten las mismas prestaciones mec&aacute;nicas.<\/span><\/p><\/p>\t\t\t\t\t\t\t\t<\/div>\n\t\t\t\t<\/div>\n\t\t\t\t\t<\/div>\n\t\t<\/div>\n\t\t\t\t\t<\/div>\n\t\t<\/section>\n\t\t\t\t<\/div>","protected":false},"excerpt":{"rendered":"<p><span style=\"font-weight: 400;\">Las contadoras de monedas de servicio pesado de la serie Semacon S-100 est\u00e1n dise\u00f1adas para aplicaciones de alto volumen y son utilizadas por bancos, supermercados, minoristas, operadores de m\u00e1quinas expendedoras, traslado de valores y entre otros giros comerciales.<\/span><\/p>","protected":false},"featured_media":1541,"comment_status":"open","ping_status":"closed","template":"","meta":{"_uag_custom_page_level_css":"","site-sidebar-layout":"default","site-content-layout":"default","ast-site-content-layout":"","site-content-style":"default","site-sidebar-style":"default","ast-global-header-display":"","ast-banner-title-visibility":"","ast-main-header-display":"","ast-hfb-above-header-display":"","ast-hfb-below-header-display":"","ast-hfb-mobile-header-display":"","site-post-title":"","ast-breadcrumbs-content":"","ast-featured-img":"","footer-sml-layout":"","theme-transparent-header-meta":"default","adv-header-id-meta":"","stick-header-meta":"default","header-above-stick-meta":"","header-main-stick-meta":"","header-below-stick-meta":"","astra-migrate-meta-layouts":"default","ast-page-background-enabled":"default","ast-page-background-meta":{"desktop":{"background-color":"","background-image":"","background-repeat":"repeat","background-position":"center center","background-size":"auto","background-attachment":"scroll","background-type":"","background-media":"","overlay-type":"","overlay-color":"","overlay-opacity":"","overlay-gradient":""},"tablet":{"background-color":"","background-image":"","background-repeat":"repeat","background-position":"center center","background-size":"auto","background-attachment":"scroll","background-type":"","background-media":"","overlay-type":"","overlay-color":"","overlay-opacity":"","overlay-gradient":""},"mobile":{"background-color":"","background-image":"","background-repeat":"repeat","background-position":"center center","background-size":"auto","background-attachment":"scroll","background-type":"","background-media":"","overlay-type":"","overlay-color":"","overlay-opacity":"","overlay-gradient":""}},"ast-content-background-meta":{"desktop":{"background-color":"var(--ast-global-color-5)","background-image":"","background-repeat":"repeat","background-position":"center center","background-size":"auto","background-attachment":"scroll","background-type":"","background-media":"","overlay-type":"","overlay-color":"","overlay-opacity":"","overlay-gradient":""},"tablet":{"background-color":"var(--ast-global-color-5)","background-image":"","background-repeat":"repeat","background-position":"center center","background-size":"auto","background-attachment":"scroll","background-type":"","background-media":"","overlay-type":"","overlay-color":"","overlay-opacity":"","overlay-gradient":""},"mobile":{"background-color":"var(--ast-global-color-5)","background-image":"","background-repeat":"repeat","background-position":"center center","background-size":"auto","background-attachment":"scroll","background-type":"","background-media":"","overlay-type":"","overlay-color":"","overlay-opacity":"","overlay-gradient":""}}},"product_brand":[],"product_cat":[25],"product_tag":[],"class_list":{"0":"post-1526","1":"product","2":"type-product","3":"status-publish","4":"has-post-thumbnail","6":"product_cat-semacon","7":"desktop-align-center","8":"tablet-align-center","9":"mobile-align-center","10":"ast-product-gallery-layout-horizontal","11":"ast-product-gallery-with-no-image","12":"ast-product-tabs-layout-horizontal","13":"ast-qv-on-image","15":"first","16":"instock","17":"shipping-taxable","18":"product-type-simple"},"uagb_featured_image_src":{"full":["https:\/\/www.msgova.com.mx\/wp-content\/uploads\/2021\/10\/SEMACON-S-140-1.png",2317,2317,false],"thumbnail":["https:\/\/www.msgova.com.mx\/wp-content\/uploads\/2021\/10\/SEMACON-S-140-1-150x150.png",150,150,true],"medium":["https:\/\/www.msgova.com.mx\/wp-content\/uploads\/2021\/10\/SEMACON-S-140-1-300x300.png",300,300,true],"medium_large":["https:\/\/www.msgova.com.mx\/wp-content\/uploads\/2021\/10\/SEMACON-S-140-1-768x768.png",768,768,true],"large":["https:\/\/www.msgova.com.mx\/wp-content\/uploads\/2021\/10\/SEMACON-S-140-1-1024x1024.png",1024,1024,true],"1536x1536":["https:\/\/www.msgova.com.mx\/wp-content\/uploads\/2021\/10\/SEMACON-S-140-1-1536x1536.png",1536,1536,true],"2048x2048":["https:\/\/www.msgova.com.mx\/wp-content\/uploads\/2021\/10\/SEMACON-S-140-1-2048x2048.png",2048,2048,true],"trp-custom-language-flag":["https:\/\/www.msgova.com.mx\/wp-content\/uploads\/2021\/10\/SEMACON-S-140-1-12x12.png",12,12,true],"woocommerce_thumbnail":["https:\/\/www.msgova.com.mx\/wp-content\/uploads\/2021\/10\/SEMACON-S-140-1-300x300.png",300,300,true],"woocommerce_single":["https:\/\/www.msgova.com.mx\/wp-content\/uploads\/2021\/10\/SEMACON-S-140-1-600x600.png",600,600,true],"woocommerce_gallery_thumbnail":["https:\/\/www.msgova.com.mx\/wp-content\/uploads\/2021\/10\/SEMACON-S-140-1-100x100.png",100,100,true]},"uagb_author_info":{"display_name":"pitdog","author_link":"https:\/\/www.msgova.com.mx\/es\/author\/"},"uagb_comment_info":11,"uagb_excerpt":"The Semacon S-100 series heavy duty coin counters are designed for high volume applications and are used by banks, supermarkets, retailers, vending machine operators, cash processing and among other business lines.","_links":{"self":[{"href":"https:\/\/www.msgova.com.mx\/es\/wp-json\/wp\/v2\/product\/1526"}],"collection":[{"href":"https:\/\/www.msgova.com.mx\/es\/wp-json\/wp\/v2\/product"}],"about":[{"href":"https:\/\/www.msgova.com.mx\/es\/wp-json\/wp\/v2\/types\/product"}],"replies":[{"embeddable":true,"href":"https:\/\/www.msgova.com.mx\/es\/wp-json\/wp\/v2\/comments?post=1526"}],"version-history":[{"count":9,"href":"https:\/\/www.msgova.com.mx\/es\/wp-json\/wp\/v2\/product\/1526\/revisions"}],"predecessor-version":[{"id":1916,"href":"https:\/\/www.msgova.com.mx\/es\/wp-json\/wp\/v2\/product\/1526\/revisions\/1916"}],"wp:featuredmedia":[{"embeddable":true,"href":"https:\/\/www.msgova.com.mx\/es\/wp-json\/wp\/v2\/media\/1541"}],"wp:attachment":[{"href":"https:\/\/www.msgova.com.mx\/es\/wp-json\/wp\/v2\/media?parent=1526"}],"wp:term":[{"taxonomy":"product_brand","embeddable":true,"href":"https:\/\/www.msgova.com.mx\/es\/wp-json\/wp\/v2\/product_brand?post=1526"},{"taxonomy":"product_cat","embeddable":true,"href":"https:\/\/www.msgova.com.mx\/es\/wp-json\/wp\/v2\/product_cat?post=1526"},{"taxonomy":"product_tag","embeddable":true,"href":"https:\/\/www.msgova.com.mx\/es\/wp-json\/wp\/v2\/product_tag?post=1526"}],"curies":[{"name":"wp","href":"https:\/\/api.w.org\/{rel}","templated":true}]}}