{"id":1550,"date":"2021-10-09T16:28:38","date_gmt":"2021-10-09T16:28:38","guid":{"rendered":"https:\/\/www.msgova.com.mx\/?post_type=product&#038;p=1550"},"modified":"2024-10-14T02:09:32","modified_gmt":"2024-10-14T02:09:32","slug":"stihl-br600","status":"publish","type":"product","link":"https:\/\/www.msgova.com.mx\/es\/producto\/stihl-br600\/","title":{"rendered":"Stihl BR600"},"content":{"rendered":"<div data-elementor-type=\"wp-post\" data-elementor-id=\"1550\" class=\"elementor elementor-1550\">\n\t\t\t\t\t\t<section data-particle_enable=\"false\" data-particle-mobile-disabled=\"false\" class=\"elementor-section elementor-top-section elementor-element elementor-element-16e1ae4a elementor-section-boxed elementor-section-height-default elementor-section-height-default\" data-id=\"16e1ae4a\" data-element_type=\"section\">\n\t\t\t\t\t\t<div class=\"elementor-container elementor-column-gap-default\">\n\t\t\t\t\t<div class=\"elementor-column elementor-col-100 elementor-top-column elementor-element elementor-element-3be823ab\" data-id=\"3be823ab\" data-element_type=\"column\">\n\t\t\t<div class=\"elementor-widget-wrap elementor-element-populated\">\n\t\t\t\t\t\t<div class=\"elementor-element elementor-element-2531667c elementor-widget elementor-widget-text-editor\" data-id=\"2531667c\" data-element_type=\"widget\" data-widget_type=\"text-editor.default\">\n\t\t\t\t<div class=\"elementor-widget-container\">\n\t\t\t\t\t\t\t\t\t<p>Adaptada con un potente motor de muy bajo consumo de combustible y muy bajas emisiones convirtiendo esta sopladora en una excelente opci\u00f3n tanto en \u00e1reas urbanas como rurales. Esta sopladora es la opci\u00f3n ideal para una limpieza de trabajo pesado.<\/p><p><strong>Viene adaptada con un sistema para eliminar las vibraciones y minimizar la fatiga de los operadores. As\u00ed mismo cuenta con arneses ajustables para distribuir el peso de la mejor manera en la espalda. Su dise\u00f1o permite operarse con una sola mano siendo lo mejor en su categor\u00eda.<\/strong><\/p>\t\t\t\t\t\t\t\t<\/div>\n\t\t\t\t<\/div>\n\t\t\t\t\t<\/div>\n\t\t<\/div>\n\t\t\t\t\t<\/div>\n\t\t<\/section>\n\t\t\t\t<section data-particle_enable=\"false\" data-particle-mobile-disabled=\"false\" class=\"elementor-section elementor-top-section elementor-element elementor-element-4953745 elementor-section-boxed elementor-section-height-default elementor-section-height-default\" data-id=\"4953745\" data-element_type=\"section\">\n\t\t\t\t\t\t<div class=\"elementor-container elementor-column-gap-default\">\n\t\t\t\t\t<div class=\"elementor-column elementor-col-100 elementor-top-column elementor-element elementor-element-e31e45f\" data-id=\"e31e45f\" data-element_type=\"column\">\n\t\t\t<div class=\"elementor-widget-wrap elementor-element-populated\">\n\t\t\t\t\t\t<div class=\"elementor-element elementor-element-3d23712 elementor-widget elementor-widget-heading\" data-id=\"3d23712\" data-element_type=\"widget\" data-widget_type=\"heading.default\">\n\t\t\t\t<div class=\"elementor-widget-container\">\n\t\t\t\t\t<h2 class=\"elementor-heading-title elementor-size-default\">ESPECIFICACIONES<\/h2>\t\t\t\t<\/div>\n\t\t\t\t<\/div>\n\t\t\t\t\t<\/div>\n\t\t<\/div>\n\t\t\t\t\t<\/div>\n\t\t<\/section>\n\t\t\t\t<section data-particle_enable=\"false\" data-particle-mobile-disabled=\"false\" class=\"elementor-section elementor-top-section elementor-element elementor-element-c9de40a elementor-section-boxed elementor-section-height-default elementor-section-height-default\" data-id=\"c9de40a\" data-element_type=\"section\">\n\t\t\t\t\t\t<div class=\"elementor-container elementor-column-gap-default\">\n\t\t\t\t\t<div class=\"elementor-column elementor-col-100 elementor-top-column elementor-element elementor-element-e5a5d71\" data-id=\"e5a5d71\" data-element_type=\"column\">\n\t\t\t<div class=\"elementor-widget-wrap elementor-element-populated\">\n\t\t\t\t\t\t<div class=\"elementor-element elementor-element-19828a6 elementor-widget elementor-widget-text-editor\" data-id=\"19828a6\" data-element_type=\"widget\" data-widget_type=\"text-editor.default\">\n\t\t\t\t<div class=\"elementor-widget-container\">\n\t\t\t\t\t\t\t\t\t<p class=\"translation-block\"><p><span style=\"font-weight: 400\">Cilindrada<\/span><\/p>\n<p><span style=\"font-weight: 400\">3.95&rdquo; cu.&nbsp;<\/span><\/p>\n<p><span style=\"font-weight: 400\">POTENCIA DEL MOTOR<\/span><\/p>\n<p><span style=\"font-weight: 400\">3,8 BHP<\/span><\/p>\n<p><span style=\"font-weight: 400\">PESO<\/span><\/p>\n<p><span style=\"font-weight: 400\">9.8 Kg<\/span><\/p>\n<p><span style=\"font-weight: 400\">CAPACIDAD DE COMBUSTIBLE<\/span><\/p>\n<p><span style=\"font-weight: 400\">1.34 Litros<\/span><\/p>\n<p><span style=\"font-weight: 400\">FUERZA DE SOPLADO<\/span><\/p>\n<p><span style=\"font-weight: 400\">32 Newtons<\/span><\/p>\n<p><span style=\"font-weight: 400\">VELOCIDAD M&Aacute;XIMA DEL AIRE<\/span><\/p>\n<p><span style=\"font-weight: 400\">383 Km\/H<\/span><\/p>\n<p><span style=\"font-weight: 400\">VOLUMEN DE AIRE EN LA BOQUILLA<\/span><\/p>\n<p><span style=\"font-weight: 400\">677 Pies c&uacute;bicos por minuto&nbsp;<\/span><\/p>\n<p><span style=\"font-weight: 400\">CLASIFICACI&Oacute;N DE PRESI&Oacute;N SONORA<\/span><\/p>\n<p><span style=\"font-weight: 400\">75 dB(A)<\/span><\/p>\n<p><span style=\"font-weight: 400\">FUENTE DE ALIMENTACI&Oacute;N<\/span><\/p>\n<p><span style=\"font-weight: 400\">Motor a gasolina<\/span><\/p><\/p>\t\t\t\t\t\t\t\t<\/div>\n\t\t\t\t<\/div>\n\t\t\t\t\t<\/div>\n\t\t<\/div>\n\t\t\t\t\t<\/div>\n\t\t<\/section>\n\t\t\t\t<\/div>","protected":false},"excerpt":{"rendered":"<p>Adaptada con un potente motor de muy bajo consumo de combustible y muy bajas emisiones convirtiendo esta sopladora en una excelente opci\u00f3n tanto en \u00e1reas urbanas como rurales. Esta sopladora es la opci\u00f3n ideal para una limpieza de trabajo pesado.<\/p>","protected":false},"featured_media":1539,"comment_status":"open","ping_status":"closed","template":"","meta":{"_uag_custom_page_level_css":"","site-sidebar-layout":"default","site-content-layout":"default","ast-site-content-layout":"","site-content-style":"default","site-sidebar-style":"default","ast-global-header-display":"","ast-banner-title-visibility":"","ast-main-header-display":"","ast-hfb-above-header-display":"","ast-hfb-below-header-display":"","ast-hfb-mobile-header-display":"","site-post-title":"","ast-breadcrumbs-content":"","ast-featured-img":"","footer-sml-layout":"","theme-transparent-header-meta":"default","adv-header-id-meta":"","stick-header-meta":"default","header-above-stick-meta":"","header-main-stick-meta":"","header-below-stick-meta":"","astra-migrate-meta-layouts":"default","ast-page-background-enabled":"default","ast-page-background-meta":{"desktop":{"background-color":"","background-image":"","background-repeat":"repeat","background-position":"center center","background-size":"auto","background-attachment":"scroll","background-type":"","background-media":"","overlay-type":"","overlay-color":"","overlay-opacity":"","overlay-gradient":""},"tablet":{"background-color":"","background-image":"","background-repeat":"repeat","background-position":"center center","background-size":"auto","background-attachment":"scroll","background-type":"","background-media":"","overlay-type":"","overlay-color":"","overlay-opacity":"","overlay-gradient":""},"mobile":{"background-color":"","background-image":"","background-repeat":"repeat","background-position":"center center","background-size":"auto","background-attachment":"scroll","background-type":"","background-media":"","overlay-type":"","overlay-color":"","overlay-opacity":"","overlay-gradient":""}},"ast-content-background-meta":{"desktop":{"background-color":"var(--ast-global-color-5)","background-image":"","background-repeat":"repeat","background-position":"center center","background-size":"auto","background-attachment":"scroll","background-type":"","background-media":"","overlay-type":"","overlay-color":"","overlay-opacity":"","overlay-gradient":""},"tablet":{"background-color":"var(--ast-global-color-5)","background-image":"","background-repeat":"repeat","background-position":"center center","background-size":"auto","background-attachment":"scroll","background-type":"","background-media":"","overlay-type":"","overlay-color":"","overlay-opacity":"","overlay-gradient":""},"mobile":{"background-color":"var(--ast-global-color-5)","background-image":"","background-repeat":"repeat","background-position":"center center","background-size":"auto","background-attachment":"scroll","background-type":"","background-media":"","overlay-type":"","overlay-color":"","overlay-opacity":"","overlay-gradient":""}}},"product_brand":[],"product_cat":[26],"product_tag":[],"class_list":{"0":"post-1550","1":"product","2":"type-product","3":"status-publish","4":"has-post-thumbnail","6":"product_cat-stihl","7":"desktop-align-center","8":"tablet-align-center","9":"mobile-align-center","10":"ast-product-gallery-layout-horizontal","11":"ast-product-tabs-layout-horizontal","12":"ast-qv-on-image","14":"first","15":"instock","16":"shipping-taxable","17":"product-type-simple"},"uagb_featured_image_src":{"full":["https:\/\/www.msgova.com.mx\/wp-content\/uploads\/2021\/10\/STIHL-BR600-1.png",2317,2318,false],"thumbnail":["https:\/\/www.msgova.com.mx\/wp-content\/uploads\/2021\/10\/STIHL-BR600-1-150x150.png",150,150,true],"medium":["https:\/\/www.msgova.com.mx\/wp-content\/uploads\/2021\/10\/STIHL-BR600-1-300x300.png",300,300,true],"medium_large":["https:\/\/www.msgova.com.mx\/wp-content\/uploads\/2021\/10\/STIHL-BR600-1-768x768.png",768,768,true],"large":["https:\/\/www.msgova.com.mx\/wp-content\/uploads\/2021\/10\/STIHL-BR600-1-1024x1024.png",1024,1024,true],"1536x1536":["https:\/\/www.msgova.com.mx\/wp-content\/uploads\/2021\/10\/STIHL-BR600-1-1536x1536.png",1536,1536,true],"2048x2048":["https:\/\/www.msgova.com.mx\/wp-content\/uploads\/2021\/10\/STIHL-BR600-1-2048x2048.png",2048,2048,true],"trp-custom-language-flag":["https:\/\/www.msgova.com.mx\/wp-content\/uploads\/2021\/10\/STIHL-BR600-1-12x12.png",12,12,true],"woocommerce_thumbnail":["https:\/\/www.msgova.com.mx\/wp-content\/uploads\/2021\/10\/STIHL-BR600-1-300x300.png",300,300,true],"woocommerce_single":["https:\/\/www.msgova.com.mx\/wp-content\/uploads\/2021\/10\/STIHL-BR600-1-600x600.png",600,600,true],"woocommerce_gallery_thumbnail":["https:\/\/www.msgova.com.mx\/wp-content\/uploads\/2021\/10\/STIHL-BR600-1-100x100.png",100,100,true]},"uagb_author_info":{"display_name":"pitdog","author_link":"https:\/\/www.msgova.com.mx\/es\/author\/"},"uagb_comment_info":2,"uagb_excerpt":"Adapted with a powerful engine with very low fuel consumption and very low emissions, making this blower an excellent option in both urban and rural areas. This blower is the ideal choice for heavy duty cleaning.","_links":{"self":[{"href":"https:\/\/www.msgova.com.mx\/es\/wp-json\/wp\/v2\/product\/1550"}],"collection":[{"href":"https:\/\/www.msgova.com.mx\/es\/wp-json\/wp\/v2\/product"}],"about":[{"href":"https:\/\/www.msgova.com.mx\/es\/wp-json\/wp\/v2\/types\/product"}],"replies":[{"embeddable":true,"href":"https:\/\/www.msgova.com.mx\/es\/wp-json\/wp\/v2\/comments?post=1550"}],"version-history":[{"count":15,"href":"https:\/\/www.msgova.com.mx\/es\/wp-json\/wp\/v2\/product\/1550\/revisions"}],"predecessor-version":[{"id":1910,"href":"https:\/\/www.msgova.com.mx\/es\/wp-json\/wp\/v2\/product\/1550\/revisions\/1910"}],"wp:featuredmedia":[{"embeddable":true,"href":"https:\/\/www.msgova.com.mx\/es\/wp-json\/wp\/v2\/media\/1539"}],"wp:attachment":[{"href":"https:\/\/www.msgova.com.mx\/es\/wp-json\/wp\/v2\/media?parent=1550"}],"wp:term":[{"taxonomy":"product_brand","embeddable":true,"href":"https:\/\/www.msgova.com.mx\/es\/wp-json\/wp\/v2\/product_brand?post=1550"},{"taxonomy":"product_cat","embeddable":true,"href":"https:\/\/www.msgova.com.mx\/es\/wp-json\/wp\/v2\/product_cat?post=1550"},{"taxonomy":"product_tag","embeddable":true,"href":"https:\/\/www.msgova.com.mx\/es\/wp-json\/wp\/v2\/product_tag?post=1550"}],"curies":[{"name":"wp","href":"https:\/\/api.w.org\/{rel}","templated":true}]}}